{"id":496,"date":"2021-06-11T15:13:11","date_gmt":"2021-06-11T13:13:11","guid":{"rendered":"https:\/\/calandreta.establiment.fr\/lescar\/?page_id=496"},"modified":"2023-03-20T23:15:56","modified_gmt":"2023-03-20T22:15:56","slug":"presentacion-de-las-colas","status":"publish","type":"page","link":"https:\/\/lescar.establiment.fr\/?page_id=496","title":{"rendered":"Presentacion de las c\u00f2las"},"content":{"rendered":"\t\t<div data-elementor-type=\"wp-page\" data-elementor-id=\"496\" class=\"elementor elementor-496\">\n\t\t\t\t\t\t<section class=\"elementor-section elementor-top-section elementor-element elementor-element-21b21d8 elementor-section-boxed elementor-section-height-default elementor-section-height-default\" data-id=\"21b21d8\" data-element_type=\"section\">\n\t\t\t\t\t\t<div class=\"elementor-container elementor-column-gap-default\">\n\t\t\t\t\t<div class=\"elementor-column elementor-col-100 elementor-top-column elementor-element elementor-element-79f0f77\" data-id=\"79f0f77\" data-element_type=\"column\">\n\t\t\t<div class=\"elementor-widget-wrap elementor-element-populated\">\n\t\t\t\t\t\t<div class=\"elementor-element elementor-element-f40a999 elementor-widget elementor-widget-spacer\" data-id=\"f40a999\" data-element_type=\"widget\" data-widget_type=\"spacer.default\">\n\t\t\t\t<div class=\"elementor-widget-container\">\n\t\t\t\t\t<div class=\"elementor-spacer\">\n\t\t\t<div class=\"elementor-spacer-inner\"><\/div>\n\t\t<\/div>\n\t\t\t\t<\/div>\n\t\t\t\t<\/div>\n\t\t\t\t\t<\/div>\n\t\t<\/div>\n\t\t\t\t\t<\/div>\n\t\t<\/section>\n\t\t\t\t<section class=\"elementor-section elementor-top-section elementor-element elementor-element-f13a488 elementor-section-boxed elementor-section-height-default elementor-section-height-default\" data-id=\"f13a488\" data-element_type=\"section\">\n\t\t\t\t\t\t<div class=\"elementor-container elementor-column-gap-default\">\n\t\t\t\t\t<div class=\"elementor-column elementor-col-100 elementor-top-column elementor-element elementor-element-732c0ee\" data-id=\"732c0ee\" data-element_type=\"column\">\n\t\t\t<div class=\"elementor-widget-wrap elementor-element-populated\">\n\t\t\t\t\t\t<section class=\"elementor-section elementor-inner-section elementor-element elementor-element-a47f01d elementor-section-boxed elementor-section-height-default elementor-section-height-default\" data-id=\"a47f01d\" data-element_type=\"section\">\n\t\t\t\t\t\t<div class=\"elementor-container elementor-column-gap-default\">\n\t\t\t\t\t<div class=\"elementor-column elementor-col-50 elementor-inner-column elementor-element elementor-element-358d15e\" data-id=\"358d15e\" data-element_type=\"column\">\n\t\t\t<div class=\"elementor-widget-wrap elementor-element-populated\">\n\t\t\t\t\t\t<div class=\"elementor-element elementor-element-a96bb54 elementor-widget elementor-widget-heading\" data-id=\"a96bb54\" data-element_type=\"widget\" data-widget_type=\"heading.default\">\n\t\t\t\t<div class=\"elementor-widget-container\">\n\t\t\t<h2 class=\"elementor-heading-title elementor-size-default\">Calandreta : Qu'ei aqu\u00f2?<\/h2>\t\t<\/div>\n\t\t\t\t<\/div>\n\t\t\t\t\t<\/div>\n\t\t<\/div>\n\t\t\t\t<div class=\"elementor-column elementor-col-50 elementor-inner-column elementor-element elementor-element-f5652f8\" data-id=\"f5652f8\" data-element_type=\"column\">\n\t\t\t<div class=\"elementor-widget-wrap elementor-element-populated\">\n\t\t\t\t\t\t<div class=\"elementor-element elementor-element-872e59b elementor-widget elementor-widget-heading\" data-id=\"872e59b\" data-element_type=\"widget\" data-widget_type=\"heading.default\">\n\t\t\t\t<div class=\"elementor-widget-container\">\n\t\t\t<h2 class=\"elementor-heading-title elementor-size-default\">Calandreta : \"C'est quoi?\"\u200b<\/h2>\t\t<\/div>\n\t\t\t\t<\/div>\n\t\t\t\t\t<\/div>\n\t\t<\/div>\n\t\t\t\t\t<\/div>\n\t\t<\/section>\n\t\t\t\t<div class=\"elementor-element elementor-element-e3fecea elementor-widget elementor-widget-text-editor\" data-id=\"e3fecea\" data-element_type=\"widget\" data-widget_type=\"text-editor.default\">\n\t\t\t\t<div class=\"elementor-widget-container\">\n\t\t\t\t\t\t\t<p>Calandreta est une \u00e9cole ouverte \u00e0 tous, elle est la\u00efque et gratuite.<br \/>Elle accueille les enfants d\u00e8s la petite section et jusqu\u2019au CM2.<\/p><p>Calandreta respecte les instructions officielles et les comp\u00e9tences acquises par les \u00e9l\u00e8ves sont conformes aux programmes de l\u2019Education Nationale, c\u2019est une \u00e9cole agr\u00e9\u00e9e par l\u2019Etat.<br \/>Les enseignants sont des professeurs des \u00e9coles titulaires, ils ont une formation linguistique et p\u00e9dagogique sp\u00e9cifique. Le personnel d\u2019encadrement de l\u2019\u00e9cole est \u00e9galement bilingue.<\/p><p>L\u2019\u00e9cole Calandreta de Lescar a ouvert ses portes en septembre 1993, elle accueille actuellement une soixantaine d&rsquo;\u00e9l\u00e8ves r\u00e9partis en trois classes.<br \/>L\u2019\u00e9cole est g\u00e9r\u00e9e par une association loi 1901.<\/p>\t\t\t\t\t\t<\/div>\n\t\t\t\t<\/div>\n\t\t\t\t\t<\/div>\n\t\t<\/div>\n\t\t\t\t\t<\/div>\n\t\t<\/section>\n\t\t\t\t<section class=\"elementor-section elementor-top-section elementor-element elementor-element-c671d85 elementor-section-boxed elementor-section-height-default elementor-section-height-default\" data-id=\"c671d85\" data-element_type=\"section\">\n\t\t\t\t\t\t<div class=\"elementor-container elementor-column-gap-default\">\n\t\t\t\t\t<div class=\"elementor-column elementor-col-100 elementor-top-column elementor-element elementor-element-6331eb5\" data-id=\"6331eb5\" data-element_type=\"column\">\n\t\t\t<div class=\"elementor-widget-wrap elementor-element-populated\">\n\t\t\t\t\t\t<section class=\"elementor-section elementor-inner-section elementor-element elementor-element-7b4b602 elementor-section-boxed elementor-section-height-default elementor-section-height-default\" data-id=\"7b4b602\" data-element_type=\"section\">\n\t\t\t\t\t\t<div class=\"elementor-container elementor-column-gap-default\">\n\t\t\t\t\t<div class=\"elementor-column elementor-col-50 elementor-inner-column elementor-element elementor-element-212e83e\" data-id=\"212e83e\" data-element_type=\"column\">\n\t\t\t<div class=\"elementor-widget-wrap elementor-element-populated\">\n\t\t\t\t\t\t<div class=\"elementor-element elementor-element-e2bb162 elementor-widget elementor-widget-heading\" data-id=\"e2bb162\" data-element_type=\"widget\" data-widget_type=\"heading.default\">\n\t\t\t\t<div class=\"elementor-widget-container\">\n\t\t\t<h2 class=\"elementor-heading-title elementor-size-default\">L' ensenhament <\/h2>\t\t<\/div>\n\t\t\t\t<\/div>\n\t\t\t\t\t<\/div>\n\t\t<\/div>\n\t\t\t\t<div class=\"elementor-column elementor-col-50 elementor-inner-column elementor-element elementor-element-969a1a3\" data-id=\"969a1a3\" data-element_type=\"column\">\n\t\t\t<div class=\"elementor-widget-wrap elementor-element-populated\">\n\t\t\t\t\t\t<div class=\"elementor-element elementor-element-39540c6 elementor-widget elementor-widget-heading\" data-id=\"39540c6\" data-element_type=\"widget\" data-widget_type=\"heading.default\">\n\t\t\t\t<div class=\"elementor-widget-container\">\n\t\t\t<h2 class=\"elementor-heading-title elementor-size-default\">L' enseignement\u200b<\/h2>\t\t<\/div>\n\t\t\t\t<\/div>\n\t\t\t\t\t<\/div>\n\t\t<\/div>\n\t\t\t\t\t<\/div>\n\t\t<\/section>\n\t\t\t\t<div class=\"elementor-element elementor-element-7577dce elementor-widget elementor-widget-text-editor\" data-id=\"7577dce\" data-element_type=\"widget\" data-widget_type=\"text-editor.default\">\n\t\t\t\t<div class=\"elementor-widget-container\">\n\t\t\t\t\t\t\t<p>L\u2019enseignement se fait en occitan b\u00e9arnais selon le principe de l\u2019immersion linguistique pr\u00e9coce : en cours, en r\u00e9cr\u00e9ation, comme \u00e0 la cantine\u2026<\/p><p>L\u2019occitan est langue d\u2019enseignement et langue enseign\u00e9e. L\u2019objectif est de permettre \u00e0 chaque enfant de ma\u00eetriser, \u00e0 l\u2019\u00e9crit comme \u00e0 l\u2019oral, l\u2019occitan et le fran\u00e7ais.<br \/>Le fran\u00e7ais est introduit \u00e0 partir du CP, afin que les enfants soient au m\u00eame niveau que les autres \u00e9l\u00e8ves, lorsqu\u2019ils entrent au coll\u00e8ge.<\/p><p>Depuis 2005, un coll\u00e8ge Calandreta accueille les enfants sur l\u2019agglom\u00e9ration de Pau.<\/p>\t\t\t\t\t\t<\/div>\n\t\t\t\t<\/div>\n\t\t\t\t\t<\/div>\n\t\t<\/div>\n\t\t\t\t\t<\/div>\n\t\t<\/section>\n\t\t\t\t<section class=\"elementor-section elementor-top-section elementor-element elementor-element-e3a62e5 elementor-section-boxed elementor-section-height-default elementor-section-height-default\" data-id=\"e3a62e5\" data-element_type=\"section\">\n\t\t\t\t\t\t<div class=\"elementor-container elementor-column-gap-default\">\n\t\t\t\t\t<div class=\"elementor-column elementor-col-100 elementor-top-column elementor-element elementor-element-e9fe4ed\" data-id=\"e9fe4ed\" data-element_type=\"column\">\n\t\t\t<div class=\"elementor-widget-wrap elementor-element-populated\">\n\t\t\t\t\t\t<section class=\"elementor-section elementor-inner-section elementor-element elementor-element-4fdbcf4 elementor-section-boxed elementor-section-height-default elementor-section-height-default\" data-id=\"4fdbcf4\" data-element_type=\"section\">\n\t\t\t\t\t\t<div class=\"elementor-container elementor-column-gap-default\">\n\t\t\t\t\t<div class=\"elementor-column elementor-col-50 elementor-inner-column elementor-element elementor-element-414bddb\" data-id=\"414bddb\" data-element_type=\"column\">\n\t\t\t<div class=\"elementor-widget-wrap elementor-element-populated\">\n\t\t\t\t\t\t<div class=\"elementor-element elementor-element-9deb5c4 elementor-widget elementor-widget-heading\" data-id=\"9deb5c4\" data-element_type=\"widget\" data-widget_type=\"heading.default\">\n\t\t\t\t<div class=\"elementor-widget-container\">\n\t\t\t<h2 class=\"elementor-heading-title elementor-size-default\">La pedagogia<\/h2>\t\t<\/div>\n\t\t\t\t<\/div>\n\t\t\t\t\t<\/div>\n\t\t<\/div>\n\t\t\t\t<div class=\"elementor-column elementor-col-50 elementor-inner-column elementor-element elementor-element-492c2e6\" data-id=\"492c2e6\" data-element_type=\"column\">\n\t\t\t<div class=\"elementor-widget-wrap elementor-element-populated\">\n\t\t\t\t\t\t<div class=\"elementor-element elementor-element-a77de39 elementor-widget elementor-widget-heading\" data-id=\"a77de39\" data-element_type=\"widget\" data-widget_type=\"heading.default\">\n\t\t\t\t<div class=\"elementor-widget-container\">\n\t\t\t<h2 class=\"elementor-heading-title elementor-size-default\">La p\u00e9dagogie\u200b<\/h2>\t\t<\/div>\n\t\t\t\t<\/div>\n\t\t\t\t\t<\/div>\n\t\t<\/div>\n\t\t\t\t\t<\/div>\n\t\t<\/section>\n\t\t\t\t<div class=\"elementor-element elementor-element-30349ad elementor-widget elementor-widget-text-editor\" data-id=\"30349ad\" data-element_type=\"widget\" data-widget_type=\"text-editor.default\">\n\t\t\t\t<div class=\"elementor-widget-container\">\n\t\t\t\t\t\t\t<p>Calandreta a pour objectif de mettre en place les conditions d\u2019un v\u00e9ritable bilinguisme. Les enfants baignent dans la langue occitane b\u00e9arnaise d\u00e8s leur entr\u00e9e \u00e0l\u2019\u00e9cole maternelle. Ils apprennent naturellement cette langue car elle est le moyen de communiquer avec les adultes et les autres enfants ; elle est aussi l\u2019outil de transmission des savoirs.<\/p><p>La p\u00e9dagogie active se joint au bilinguisme pour que l\u2019enfant soit au centre de l\u2019acte \u00e9ducatif. Les Calandretas se distinguent par leur p\u00e9dagogie active dite institutionnelle. Les principaux objectifs de cette p\u00e9dagogie sont de contribuer \u00e0 l\u2019\u00e9panouissement de l\u2019enfant, d\u2019assurer son d\u00e9veloppement cognitif et social, de lui permettre d\u2019acqu\u00e9rir les connaissances en r\u00e9f\u00e9rence aux programmes officiels de l\u2019Education Nationale.<\/p><p>Les institutions mises en place \u00e0 l\u2019\u00e9cole sont des moments ritualis\u00e9s. Les plus importants sont :.<\/p><ul><li>Le \u00ab Que de nau ? \u00bb : C\u2019est un temps privil\u00e9gi\u00e9 d\u2019expression et d\u2019\u00e9change \u00e0 partir du v\u00e9cu des enfants. C\u2019est g\u00e9n\u00e9ralement l\u00e0 que les enfants commencent \u00e0 parler occitan \u00e0 l\u2019aide de phrases rituelles..<\/li><li>Le \u00ab bilan\u00e7 mete\u00f2 \u00bb et le \u00ab conselh \u00bb : Ce sont des institutions de r\u00e9gulation. Le conseil est aussi un lieu de d\u00e9cision concernant la vie de la classe..<\/li><li>Les \u00ab mesti\u00e8rs \u00bb : il s\u2019agit de la prise en charge par les enfants des t\u00e2ches collectives..<\/li><li>Les \u00ab talh\u00e8rs \u00bb : Les activit\u00e9s sont choisies par les enfants parmi plusieurs propositions..<\/li><li>Les \u00ab cintas \u00bb : elles permettent l\u2019auto-\u00e9valuation des enfants..<\/li><\/ul>\t\t\t\t\t\t<\/div>\n\t\t\t\t<\/div>\n\t\t\t\t\t<\/div>\n\t\t<\/div>\n\t\t\t\t\t<\/div>\n\t\t<\/section>\n\t\t\t\t<\/div>\n\t\t","protected":false},"excerpt":{"rendered":"<p>Calandreta : Qu&rsquo;ei aqu\u00f2? Calandreta : \u00ab\u00a0C&rsquo;est quoi?\u00a0\u00bb\u200b Calandreta est une \u00e9cole ouverte \u00e0 tous, elle est la\u00efque et gratuite.Elle accueille les enfants d\u00e8s la petite section et jusqu\u2019au CM2. Calandreta respecte les instructions officielles et les comp\u00e9tences acquises par les \u00e9l\u00e8ves sont conformes aux programmes de l\u2019Education Nationale, c\u2019est une \u00e9cole agr\u00e9\u00e9e par l\u2019Etat.Les [&hellip;]<\/p>\n","protected":false},"author":2,"featured_media":0,"parent":0,"menu_order":0,"comment_status":"closed","ping_status":"closed","template":"","meta":{"footnotes":""},"class_list":["post-496","page","type-page","status-publish","hentry","entry"],"_links":{"self":[{"href":"https:\/\/lescar.establiment.fr\/index.php?rest_route=\/wp\/v2\/pages\/496"}],"collection":[{"href":"https:\/\/lescar.establiment.fr\/index.php?rest_route=\/wp\/v2\/pages"}],"about":[{"href":"https:\/\/lescar.establiment.fr\/index.php?rest_route=\/wp\/v2\/types\/page"}],"author":[{"embeddable":true,"href":"https:\/\/lescar.establiment.fr\/index.php?rest_route=\/wp\/v2\/users\/2"}],"replies":[{"embeddable":true,"href":"https:\/\/lescar.establiment.fr\/index.php?rest_route=%2Fwp%2Fv2%2Fcomments&post=496"}],"version-history":[{"count":8,"href":"https:\/\/lescar.establiment.fr\/index.php?rest_route=\/wp\/v2\/pages\/496\/revisions"}],"predecessor-version":[{"id":736,"href":"https:\/\/lescar.establiment.fr\/index.php?rest_route=\/wp\/v2\/pages\/496\/revisions\/736"}],"wp:attachment":[{"href":"https:\/\/lescar.establiment.fr\/index.php?rest_route=%2Fwp%2Fv2%2Fmedia&parent=496"}],"curies":[{"name":"wp","href":"https:\/\/api.w.org\/{rel}","templated":true}]}}