{"id":502,"date":"2021-06-11T15:28:23","date_gmt":"2021-06-11T13:28:23","guid":{"rendered":"https:\/\/calandreta.establiment.fr\/lescar\/?page_id=502"},"modified":"2023-03-20T23:20:14","modified_gmt":"2023-03-20T22:20:14","slug":"questions-praticas","status":"publish","type":"page","link":"https:\/\/lescar.establiment.fr\/?page_id=502","title":{"rendered":"Soutenir la calandreta de Lescar"},"content":{"rendered":"\t\t<div data-elementor-type=\"wp-page\" data-elementor-id=\"502\" class=\"elementor elementor-502\">\n\t\t\t\t\t\t<section class=\"elementor-section elementor-top-section elementor-element elementor-element-0a4a696 elementor-section-boxed elementor-section-height-default elementor-section-height-default\" data-id=\"0a4a696\" data-element_type=\"section\">\n\t\t\t\t\t\t<div class=\"elementor-container elementor-column-gap-default\">\n\t\t\t\t\t<div class=\"elementor-column elementor-col-100 elementor-top-column elementor-element elementor-element-3760139\" data-id=\"3760139\" data-element_type=\"column\">\n\t\t\t<div class=\"elementor-widget-wrap elementor-element-populated\">\n\t\t\t\t\t\t<div class=\"elementor-element elementor-element-ba1b9d0 elementor-widget elementor-widget-spacer\" data-id=\"ba1b9d0\" data-element_type=\"widget\" data-widget_type=\"spacer.default\">\n\t\t\t\t<div class=\"elementor-widget-container\">\n\t\t\t\t\t<div class=\"elementor-spacer\">\n\t\t\t<div class=\"elementor-spacer-inner\"><\/div>\n\t\t<\/div>\n\t\t\t\t<\/div>\n\t\t\t\t<\/div>\n\t\t\t\t\t<\/div>\n\t\t<\/div>\n\t\t\t\t\t<\/div>\n\t\t<\/section>\n\t\t\t\t<section class=\"elementor-section elementor-top-section elementor-element elementor-element-b518687 elementor-section-boxed elementor-section-height-default elementor-section-height-default\" data-id=\"b518687\" data-element_type=\"section\">\n\t\t\t\t\t\t<div class=\"elementor-container elementor-column-gap-default\">\n\t\t\t\t\t<div class=\"elementor-column elementor-col-100 elementor-top-column elementor-element elementor-element-2a0fd24\" data-id=\"2a0fd24\" data-element_type=\"column\">\n\t\t\t<div class=\"elementor-widget-wrap elementor-element-populated\">\n\t\t\t\t\t\t<div class=\"elementor-element elementor-element-249f713 elementor-widget elementor-widget-heading\" data-id=\"249f713\" data-element_type=\"widget\" data-widget_type=\"heading.default\">\n\t\t\t\t<div class=\"elementor-widget-container\">\n\t\t\t<h2 class=\"elementor-heading-title elementor-size-large\">Soutenir la Calandreta Lescar<\/h2>\t\t<\/div>\n\t\t\t\t<\/div>\n\t\t\t\t<div class=\"elementor-element elementor-element-559e64d elementor-widget elementor-widget-text-editor\" data-id=\"559e64d\" data-element_type=\"widget\" data-widget_type=\"text-editor.default\">\n\t\t\t\t<div class=\"elementor-widget-container\">\n\t\t\t\t\t\t\t<p>Calandreta Lescar maintient depuis plus de vingt ans une identit\u00e9 et une culture occitane dans une \u00e9cole qui r\u00e9unit parents et enfants. G\u00e9r\u00e9e directement par les parents et les enseignants sur des valeurs de solidarit\u00e9, notre \u00e9cole est \u00e0 la fois la\u00efque et gratuite afin de n\u2019exclure aucun enfant.<\/p><p>Si notre Calandreta est gratuite, il n\u2019en reste pas moins qu\u2019elle doit \u00eatre financ\u00e9e afin de faire face \u00e0 diff\u00e9rentes charges :<\/p><ul><li>salaires du personnel d\u2019encadrement,<\/li><li>mat\u00e9riel p\u00e9dagogique,<\/li><li>frais de fonctionnement.<\/li><\/ul><p>Les enfants et les parents d\u2019\u00e9l\u00e8ves de la Calandreta de Lescar organisent r\u00e9guli\u00e8rement des \u00e9v\u00e8nements festifs pour r\u00e9cup\u00e9rer du financement mais comptent aussi sur vous. <br \/>Merci par avance de votre soutien.<\/p><p>\u00a0<\/p><p>\u00a0<\/p><center><a href=\"https:\/\/www.calandreta-lescar.net\/wp-content\/uploads\/2015\/02\/dons_fr.pdf\" target=\"_blank\" rel=\"noopener\">T\u00e9l\u00e9charger le formulaire de don<\/a><\/center><center><img fetchpriority=\"high\" decoding=\"async\" src=\"https:\/\/www.calandreta-lescar.net\/wp-content\/uploads\/2015\/02\/dons_fr.jpg\" alt=\"\" width=\"774\" height=\"340\" \/><\/center><p>\u00a0<\/p><div>Contact : <a href=\"mailto:dons@calandreta-lescar.net\">dons@calandreta-lescar.net<\/a><\/div>\t\t\t\t\t\t<\/div>\n\t\t\t\t<\/div>\n\t\t\t\t\t<\/div>\n\t\t<\/div>\n\t\t\t\t\t<\/div>\n\t\t<\/section>\n\t\t\t\t<\/div>\n\t\t","protected":false},"excerpt":{"rendered":"<p>Soutenir la Calandreta Lescar Calandreta Lescar maintient depuis plus de vingt ans une identit\u00e9 et une culture occitane dans une \u00e9cole qui r\u00e9unit parents et enfants. G\u00e9r\u00e9e directement par les parents et les enseignants sur des valeurs de solidarit\u00e9, notre \u00e9cole est \u00e0 la fois la\u00efque et gratuite afin de n\u2019exclure aucun enfant. Si notre [&hellip;]<\/p>\n","protected":false},"author":2,"featured_media":0,"parent":0,"menu_order":0,"comment_status":"closed","ping_status":"closed","template":"","meta":{"footnotes":""},"class_list":["post-502","page","type-page","status-publish","hentry","entry"],"_links":{"self":[{"href":"https:\/\/lescar.establiment.fr\/index.php?rest_route=\/wp\/v2\/pages\/502"}],"collection":[{"href":"https:\/\/lescar.establiment.fr\/index.php?rest_route=\/wp\/v2\/pages"}],"about":[{"href":"https:\/\/lescar.establiment.fr\/index.php?rest_route=\/wp\/v2\/types\/page"}],"author":[{"embeddable":true,"href":"https:\/\/lescar.establiment.fr\/index.php?rest_route=\/wp\/v2\/users\/2"}],"replies":[{"embeddable":true,"href":"https:\/\/lescar.establiment.fr\/index.php?rest_route=%2Fwp%2Fv2%2Fcomments&post=502"}],"version-history":[{"count":12,"href":"https:\/\/lescar.establiment.fr\/index.php?rest_route=\/wp\/v2\/pages\/502\/revisions"}],"predecessor-version":[{"id":744,"href":"https:\/\/lescar.establiment.fr\/index.php?rest_route=\/wp\/v2\/pages\/502\/revisions\/744"}],"wp:attachment":[{"href":"https:\/\/lescar.establiment.fr\/index.php?rest_route=%2Fwp%2Fv2%2Fmedia&parent=502"}],"curies":[{"name":"wp","href":"https:\/\/api.w.org\/{rel}","templated":true}]}}