{"id":509,"date":"2021-06-11T15:45:10","date_gmt":"2021-06-11T13:45:10","guid":{"rendered":"https:\/\/calandreta.establiment.fr\/lescar\/?page_id=509"},"modified":"2025-02-06T09:06:33","modified_gmt":"2025-02-06T08:06:33","slug":"listoria","status":"publish","type":"page","link":"https:\/\/lescar.establiment.fr\/?page_id=509","title":{"rendered":"Inscrire son enfant"},"content":{"rendered":"\t\t<div data-elementor-type=\"wp-page\" data-elementor-id=\"509\" class=\"elementor elementor-509\">\n\t\t\t\t\t\t<section class=\"elementor-section elementor-top-section elementor-element elementor-element-07e0f24 elementor-section-boxed elementor-section-height-default elementor-section-height-default\" data-id=\"07e0f24\" data-element_type=\"section\">\n\t\t\t\t\t\t<div class=\"elementor-container elementor-column-gap-default\">\n\t\t\t\t\t<div class=\"elementor-column elementor-col-100 elementor-top-column elementor-element elementor-element-f1dff8d\" data-id=\"f1dff8d\" data-element_type=\"column\">\n\t\t\t<div class=\"elementor-widget-wrap elementor-element-populated\">\n\t\t\t\t\t\t<div class=\"elementor-element elementor-element-ada3dcb elementor-widget elementor-widget-spacer\" data-id=\"ada3dcb\" data-element_type=\"widget\" data-widget_type=\"spacer.default\">\n\t\t\t\t<div class=\"elementor-widget-container\">\n\t\t\t\t\t<div class=\"elementor-spacer\">\n\t\t\t<div class=\"elementor-spacer-inner\"><\/div>\n\t\t<\/div>\n\t\t\t\t<\/div>\n\t\t\t\t<\/div>\n\t\t\t\t\t<\/div>\n\t\t<\/div>\n\t\t\t\t\t<\/div>\n\t\t<\/section>\n\t\t\t\t<section class=\"elementor-section elementor-top-section elementor-element elementor-element-d8a3f50 elementor-section-boxed elementor-section-height-default elementor-section-height-default\" data-id=\"d8a3f50\" data-element_type=\"section\">\n\t\t\t\t\t\t<div class=\"elementor-container elementor-column-gap-default\">\n\t\t\t\t\t<div class=\"elementor-column elementor-col-100 elementor-top-column elementor-element elementor-element-89853df\" data-id=\"89853df\" data-element_type=\"column\">\n\t\t\t<div class=\"elementor-widget-wrap elementor-element-populated\">\n\t\t\t\t\t\t<section class=\"elementor-section elementor-inner-section elementor-element elementor-element-36a501f elementor-section-boxed elementor-section-height-default elementor-section-height-default\" data-id=\"36a501f\" data-element_type=\"section\">\n\t\t\t\t\t\t<div class=\"elementor-container elementor-column-gap-default\">\n\t\t\t\t\t<div class=\"elementor-column elementor-col-50 elementor-inner-column elementor-element elementor-element-f744441\" data-id=\"f744441\" data-element_type=\"column\">\n\t\t\t<div class=\"elementor-widget-wrap elementor-element-populated\">\n\t\t\t\t\t\t<div class=\"elementor-element elementor-element-c566484 elementor-widget elementor-widget-heading\" data-id=\"c566484\" data-element_type=\"widget\" data-widget_type=\"heading.default\">\n\t\t\t\t<div class=\"elementor-widget-container\">\n\t\t\t<h2 class=\"elementor-heading-title elementor-size-large\">Quin inscr\u00edver lo men mainatge ?<\/h2>\t\t<\/div>\n\t\t\t\t<\/div>\n\t\t\t\t\t<\/div>\n\t\t<\/div>\n\t\t\t\t<div class=\"elementor-column elementor-col-50 elementor-inner-column elementor-element elementor-element-ce5f8b1\" data-id=\"ce5f8b1\" data-element_type=\"column\">\n\t\t\t<div class=\"elementor-widget-wrap elementor-element-populated\">\n\t\t\t\t\t\t<div class=\"elementor-element elementor-element-74ea080 elementor-widget elementor-widget-heading\" data-id=\"74ea080\" data-element_type=\"widget\" data-widget_type=\"heading.default\">\n\t\t\t\t<div class=\"elementor-widget-container\">\n\t\t\t<h2 class=\"elementor-heading-title elementor-size-large\">Comment inscrire mon enfant ?\u200b\u200b<\/h2>\t\t<\/div>\n\t\t\t\t<\/div>\n\t\t\t\t\t<\/div>\n\t\t<\/div>\n\t\t\t\t\t<\/div>\n\t\t<\/section>\n\t\t\t\t<div class=\"elementor-element elementor-element-5fbdc61 elementor-widget elementor-widget-text-editor\" data-id=\"5fbdc61\" data-element_type=\"widget\" data-widget_type=\"text-editor.default\">\n\t\t\t\t<div class=\"elementor-widget-container\">\n\t\t\t\t\t\t\t<p>En prenant contact avec l\u2019\u00e9quipe p\u00e9dagogique par t\u00e9l\u00e9phone au 05 59 81 06 47 ou bien en nous contactant par message \u00e9lectronique \u00e0 calandreta.lescar@yahoo.fr. <br \/>Nous fixerons ensuite un rendez-vous pour vous pr\u00e9senter l\u2019\u00e9cole.<\/p>\t\t\t\t\t\t<\/div>\n\t\t\t\t<\/div>\n\t\t\t\t<div class=\"elementor-element elementor-element-0c5f6ef elementor-widget elementor-widget-spacer\" data-id=\"0c5f6ef\" data-element_type=\"widget\" data-widget_type=\"spacer.default\">\n\t\t\t\t<div class=\"elementor-widget-container\">\n\t\t\t\t\t<div class=\"elementor-spacer\">\n\t\t\t<div class=\"elementor-spacer-inner\"><\/div>\n\t\t<\/div>\n\t\t\t\t<\/div>\n\t\t\t\t<\/div>\n\t\t\t\t\t<\/div>\n\t\t<\/div>\n\t\t\t\t\t<\/div>\n\t\t<\/section>\n\t\t\t\t<section class=\"elementor-section elementor-top-section elementor-element elementor-element-be5b285 elementor-section-boxed elementor-section-height-default elementor-section-height-default\" data-id=\"be5b285\" data-element_type=\"section\">\n\t\t\t\t\t\t<div class=\"elementor-container elementor-column-gap-default\">\n\t\t\t\t\t<div class=\"elementor-column elementor-col-100 elementor-top-column elementor-element elementor-element-12035aa\" data-id=\"12035aa\" data-element_type=\"column\">\n\t\t\t<div class=\"elementor-widget-wrap elementor-element-populated\">\n\t\t\t\t\t\t<section class=\"elementor-section elementor-inner-section elementor-element elementor-element-2cf9665 elementor-section-boxed elementor-section-height-default elementor-section-height-default\" data-id=\"2cf9665\" data-element_type=\"section\">\n\t\t\t\t\t\t<div class=\"elementor-container elementor-column-gap-default\">\n\t\t\t\t\t<div class=\"elementor-column elementor-col-50 elementor-inner-column elementor-element elementor-element-3cd404e\" data-id=\"3cd404e\" data-element_type=\"column\">\n\t\t\t<div class=\"elementor-widget-wrap elementor-element-populated\">\n\t\t\t\t\t\t<div class=\"elementor-element elementor-element-250b759 elementor-widget elementor-widget-heading\" data-id=\"250b759\" data-element_type=\"widget\" data-widget_type=\"heading.default\">\n\t\t\t\t<div class=\"elementor-widget-container\">\n\t\t\t<h2 class=\"elementor-heading-title elementor-size-large\">Hera a las questions<\/h2>\t\t<\/div>\n\t\t\t\t<\/div>\n\t\t\t\t\t<\/div>\n\t\t<\/div>\n\t\t\t\t<div class=\"elementor-column elementor-col-50 elementor-inner-column elementor-element elementor-element-dcc6c20\" data-id=\"dcc6c20\" data-element_type=\"column\">\n\t\t\t<div class=\"elementor-widget-wrap elementor-element-populated\">\n\t\t\t\t\t\t<div class=\"elementor-element elementor-element-473de8c elementor-widget elementor-widget-heading\" data-id=\"473de8c\" data-element_type=\"widget\" data-widget_type=\"heading.default\">\n\t\t\t\t<div class=\"elementor-widget-container\">\n\t\t\t<h2 class=\"elementor-heading-title elementor-size-large\">\t\nFoire aux questions FAQ\n<\/h2>\t\t<\/div>\n\t\t\t\t<\/div>\n\t\t\t\t\t<\/div>\n\t\t<\/div>\n\t\t\t\t\t<\/div>\n\t\t<\/section>\n\t\t\t\t<div class=\"elementor-element elementor-element-ecd09e5 elementor-widget elementor-widget-spacer\" data-id=\"ecd09e5\" data-element_type=\"widget\" data-widget_type=\"spacer.default\">\n\t\t\t\t<div class=\"elementor-widget-container\">\n\t\t\t\t\t<div class=\"elementor-spacer\">\n\t\t\t<div class=\"elementor-spacer-inner\"><\/div>\n\t\t<\/div>\n\t\t\t\t<\/div>\n\t\t\t\t<\/div>\n\t\t\t\t<div class=\"elementor-element elementor-element-c535faf elementor-widget elementor-widget-heading\" data-id=\"c535faf\" data-element_type=\"widget\" data-widget_type=\"heading.default\">\n\t\t\t\t<div class=\"elementor-widget-container\">\n\t\t\t<h2 class=\"elementor-heading-title elementor-size-default\">Je ne parle pas occitan, puis-je scolariser mon enfant \u00e0 Calandreta ?\u200b<\/h2>\t\t<\/div>\n\t\t\t\t<\/div>\n\t\t\t\t<div class=\"elementor-element elementor-element-89f20be elementor-widget elementor-widget-text-editor\" data-id=\"89f20be\" data-element_type=\"widget\" data-widget_type=\"text-editor.default\">\n\t\t\t\t<div class=\"elementor-widget-container\">\n\t\t\t\t\t\t\t<p>Oui, bien s\u00fbr, c\u2019est une \u00e9cole ouverte \u00e0 tous, tous les enfants peuvent devenir bilingues m\u00eame s\u2019ils n\u2019ont pas connaissance de la langue \u00e0 la maison.<\/p>\t\t\t\t\t\t<\/div>\n\t\t\t\t<\/div>\n\t\t\t\t<div class=\"elementor-element elementor-element-6d28678 elementor-widget elementor-widget-heading\" data-id=\"6d28678\" data-element_type=\"widget\" data-widget_type=\"heading.default\">\n\t\t\t\t<div class=\"elementor-widget-container\">\n\t\t\t<h2 class=\"elementor-heading-title elementor-size-default\">Mon enfant saura-t-il bien parler et \u00e9crire le fran\u00e7ais ?<\/h2>\t\t<\/div>\n\t\t\t\t<\/div>\n\t\t\t\t<div class=\"elementor-element elementor-element-d26919e elementor-widget elementor-widget-text-editor\" data-id=\"d26919e\" data-element_type=\"widget\" data-widget_type=\"text-editor.default\">\n\t\t\t\t<div class=\"elementor-widget-container\">\n\t\t\t\t\t\t\t<p>\u00c0 la fin du primaire, les enfants ont le m\u00eame niveau que les autres \u00e9l\u00e8ves.<br \/>Calandreta suit les programmes de l\u2019\u00c9ducation Nationale.<\/p>\t\t\t\t\t\t<\/div>\n\t\t\t\t<\/div>\n\t\t\t\t<div class=\"elementor-element elementor-element-239fad8 elementor-widget elementor-widget-heading\" data-id=\"239fad8\" data-element_type=\"widget\" data-widget_type=\"heading.default\">\n\t\t\t\t<div class=\"elementor-widget-container\">\n\t\t\t<h2 class=\"elementor-heading-title elementor-size-default\">Apprendre l\u2019occitan, le b\u00e9arnais pourquoi ?<\/h2>\t\t<\/div>\n\t\t\t\t<\/div>\n\t\t\t\t<div class=\"elementor-element elementor-element-580f589 elementor-widget elementor-widget-text-editor\" data-id=\"580f589\" data-element_type=\"widget\" data-widget_type=\"text-editor.default\">\n\t\t\t\t<div class=\"elementor-widget-container\">\n\t\t\t\t\t\t\t<p>\u2022 Pour comprendre notre environnement culturel et le perp\u00e9tuer.<br \/>\u2022 Parce que c\u2019est une langue romane qui facilite l\u2019apprentissage des autres langues.<\/p>\t\t\t\t\t\t<\/div>\n\t\t\t\t<\/div>\n\t\t\t\t<div class=\"elementor-element elementor-element-81f2023 elementor-widget elementor-widget-heading\" data-id=\"81f2023\" data-element_type=\"widget\" data-widget_type=\"heading.default\">\n\t\t\t\t<div class=\"elementor-widget-container\">\n\t\t\t<h2 class=\"elementor-heading-title elementor-size-default\">Comment mon enfant va-t-il trouver sa place ?<\/h2>\t\t<\/div>\n\t\t\t\t<\/div>\n\t\t\t\t<div class=\"elementor-element elementor-element-dc29c50 elementor-widget elementor-widget-text-editor\" data-id=\"dc29c50\" data-element_type=\"widget\" data-widget_type=\"text-editor.default\">\n\t\t\t\t<div class=\"elementor-widget-container\">\n\t\t\t\t\t\t\t<p>\u2022 Gr\u00e2ce \u00e0 des rythmes adapt\u00e9s.<br \/>\u2022 Gr\u00e2ce \u00e0 des responsabilisations au sein de la classe.<br \/>\u2022 Gr\u00e2ce \u00e0 la solidarit\u00e9, l\u2019entraide et la tol\u00e9rance car les classes sont multi-niveaux.<br \/>\u2022 Les ateliers inter-classes sont r\u00e9guliers.<\/p>\t\t\t\t\t\t<\/div>\n\t\t\t\t<\/div>\n\t\t\t\t<div class=\"elementor-element elementor-element-7a41714 elementor-widget elementor-widget-heading\" data-id=\"7a41714\" data-element_type=\"widget\" data-widget_type=\"heading.default\">\n\t\t\t\t<div class=\"elementor-widget-container\">\n\t\t\t<h2 class=\"elementor-heading-title elementor-size-default\">Quelle est la sp\u00e9cificit\u00e9 de l\u2019\u00e9cole ?<\/h2>\t\t<\/div>\n\t\t\t\t<\/div>\n\t\t\t\t<div class=\"elementor-element elementor-element-27bf45d elementor-widget elementor-widget-text-editor\" data-id=\"27bf45d\" data-element_type=\"widget\" data-widget_type=\"text-editor.default\">\n\t\t\t\t<div class=\"elementor-widget-container\">\n\t\t\t\t\t\t\t<p>\u2022 La p\u00e9dagogie est active et institutionnelle.<br \/>\u2022 L\u2019enseignement et les apprentissages se font en immersion linguistique.<br \/>\u2022 \u00c9coute et proximit\u00e9 avec les parents.<br \/>\u2022 Elle est gratuite, la\u00efque et associative.<\/p>\t\t\t\t\t\t<\/div>\n\t\t\t\t<\/div>\n\t\t\t\t<div class=\"elementor-element elementor-element-5724b62 elementor-widget elementor-widget-heading\" data-id=\"5724b62\" data-element_type=\"widget\" data-widget_type=\"heading.default\">\n\t\t\t\t<div class=\"elementor-widget-container\">\n\t\t\t<h2 class=\"elementor-heading-title elementor-size-default\">Qu\u2019est-ce qu\u2019une \u00e9cole associative ?<\/h2>\t\t<\/div>\n\t\t\t\t<\/div>\n\t\t\t\t<div class=\"elementor-element elementor-element-234993f elementor-widget elementor-widget-text-editor\" data-id=\"234993f\" data-element_type=\"widget\" data-widget_type=\"text-editor.default\">\n\t\t\t\t<div class=\"elementor-widget-container\">\n\t\t\t\t\t\t\t<p>Elle est g\u00e9r\u00e9e par un conseil d\u2019administration de parents.<\/p>\t\t\t\t\t\t<\/div>\n\t\t\t\t<\/div>\n\t\t\t\t<div class=\"elementor-element elementor-element-76e0972 elementor-widget elementor-widget-heading\" data-id=\"76e0972\" data-element_type=\"widget\" data-widget_type=\"heading.default\">\n\t\t\t\t<div class=\"elementor-widget-container\">\n\t\t\t<h2 class=\"elementor-heading-title elementor-size-default\">Y-a-t\u2019il des sorties scolaires ?<\/h2>\t\t<\/div>\n\t\t\t\t<\/div>\n\t\t\t\t<div class=\"elementor-element elementor-element-5159ab5 elementor-widget elementor-widget-text-editor\" data-id=\"5159ab5\" data-element_type=\"widget\" data-widget_type=\"text-editor.default\">\n\t\t\t\t<div class=\"elementor-widget-container\">\n\t\t\t\t\t\t\t<p>Oui, des classes de d\u00e9couverte en lien avec les projets de classes et des sorties culturelles et p\u00e9dagogiques sont organis\u00e9es de la maternelle jusqu\u2019au CM2.<\/p>\t\t\t\t\t\t<\/div>\n\t\t\t\t<\/div>\n\t\t\t\t<div class=\"elementor-element elementor-element-6833630 elementor-widget elementor-widget-heading\" data-id=\"6833630\" data-element_type=\"widget\" data-widget_type=\"heading.default\">\n\t\t\t\t<div class=\"elementor-widget-container\">\n\t\t\t<h2 class=\"elementor-heading-title elementor-size-default\">Quels sont les services offerts par l\u2019\u00e9cole?<\/h2>\t\t<\/div>\n\t\t\t\t<\/div>\n\t\t\t\t<div class=\"elementor-element elementor-element-4adb731 elementor-widget elementor-widget-text-editor\" data-id=\"4adb731\" data-element_type=\"widget\" data-widget_type=\"text-editor.default\">\n\t\t\t\t<div class=\"elementor-widget-container\">\n\t\t\t\t\t\t\t<p>L\u2019\u00e9cole dispose d\u2019une cantine; La garderie, d&rsquo;un montant de 40\u20ac par famille, est ouverte \u00e0 partir de 7h30 et jusqu\u2019\u00e0 18h30.<\/p>\t\t\t\t\t\t<\/div>\n\t\t\t\t<\/div>\n\t\t\t\t\t<\/div>\n\t\t<\/div>\n\t\t\t\t\t<\/div>\n\t\t<\/section>\n\t\t\t\t<\/div>\n\t\t","protected":false},"excerpt":{"rendered":"<p>Quin inscr\u00edver lo men mainatge ? Comment inscrire mon enfant ?\u200b\u200b En prenant contact avec l\u2019\u00e9quipe p\u00e9dagogique par t\u00e9l\u00e9phone au 05 59 81 06 47 ou bien en nous contactant par message \u00e9lectronique \u00e0 calandreta.lescar@yahoo.fr. Nous fixerons ensuite un rendez-vous pour vous pr\u00e9senter l\u2019\u00e9cole. Hera a las questions Foire aux questions FAQ Je ne parle [&hellip;]<\/p>\n","protected":false},"author":2,"featured_media":0,"parent":0,"menu_order":0,"comment_status":"closed","ping_status":"closed","template":"","meta":{"footnotes":""},"class_list":["post-509","page","type-page","status-publish","hentry","entry"],"_links":{"self":[{"href":"https:\/\/lescar.establiment.fr\/index.php?rest_route=\/wp\/v2\/pages\/509"}],"collection":[{"href":"https:\/\/lescar.establiment.fr\/index.php?rest_route=\/wp\/v2\/pages"}],"about":[{"href":"https:\/\/lescar.establiment.fr\/index.php?rest_route=\/wp\/v2\/types\/page"}],"author":[{"embeddable":true,"href":"https:\/\/lescar.establiment.fr\/index.php?rest_route=\/wp\/v2\/users\/2"}],"replies":[{"embeddable":true,"href":"https:\/\/lescar.establiment.fr\/index.php?rest_route=%2Fwp%2Fv2%2Fcomments&post=509"}],"version-history":[{"count":14,"href":"https:\/\/lescar.establiment.fr\/index.php?rest_route=\/wp\/v2\/pages\/509\/revisions"}],"predecessor-version":[{"id":1510,"href":"https:\/\/lescar.establiment.fr\/index.php?rest_route=\/wp\/v2\/pages\/509\/revisions\/1510"}],"wp:attachment":[{"href":"https:\/\/lescar.establiment.fr\/index.php?rest_route=%2Fwp%2Fv2%2Fmedia&parent=509"}],"curies":[{"name":"wp","href":"https:\/\/api.w.org\/{rel}","templated":true}]}}