{"id":515,"date":"2021-06-11T15:46:25","date_gmt":"2021-06-11T13:46:25","guid":{"rendered":"https:\/\/calandreta.establiment.fr\/lescar\/?page_id=515"},"modified":"2023-03-20T23:08:32","modified_gmt":"2023-03-20T22:08:32","slug":"la-vida-associativa","status":"publish","type":"page","link":"https:\/\/lescar.establiment.fr\/?page_id=515","title":{"rendered":"La vida associativa"},"content":{"rendered":"\t\t<div data-elementor-type=\"wp-page\" data-elementor-id=\"515\" class=\"elementor elementor-515\">\n\t\t\t\t\t\t<section class=\"elementor-section elementor-top-section elementor-element elementor-element-994db9b elementor-section-boxed elementor-section-height-default elementor-section-height-default\" data-id=\"994db9b\" data-element_type=\"section\">\n\t\t\t\t\t\t<div class=\"elementor-container elementor-column-gap-default\">\n\t\t\t\t\t<div class=\"elementor-column elementor-col-100 elementor-top-column elementor-element elementor-element-c1fe602\" data-id=\"c1fe602\" data-element_type=\"column\">\n\t\t\t<div class=\"elementor-widget-wrap elementor-element-populated\">\n\t\t\t\t\t\t<div class=\"elementor-element elementor-element-e159a38 elementor-widget elementor-widget-spacer\" data-id=\"e159a38\" data-element_type=\"widget\" data-widget_type=\"spacer.default\">\n\t\t\t\t<div class=\"elementor-widget-container\">\n\t\t\t\t\t<div class=\"elementor-spacer\">\n\t\t\t<div class=\"elementor-spacer-inner\"><\/div>\n\t\t<\/div>\n\t\t\t\t<\/div>\n\t\t\t\t<\/div>\n\t\t\t\t\t<\/div>\n\t\t<\/div>\n\t\t\t\t\t<\/div>\n\t\t<\/section>\n\t\t\t\t<section class=\"elementor-section elementor-top-section elementor-element elementor-element-160bfc9 elementor-section-boxed elementor-section-height-default elementor-section-height-default\" data-id=\"160bfc9\" data-element_type=\"section\">\n\t\t\t\t\t\t<div class=\"elementor-container elementor-column-gap-default\">\n\t\t\t\t\t<div class=\"elementor-column elementor-col-100 elementor-top-column elementor-element elementor-element-36a783c\" data-id=\"36a783c\" data-element_type=\"column\">\n\t\t\t<div class=\"elementor-widget-wrap elementor-element-populated\">\n\t\t\t\t\t\t<div class=\"elementor-element elementor-element-ee14667 elementor-widget elementor-widget-heading\" data-id=\"ee14667\" data-element_type=\"widget\" data-widget_type=\"heading.default\">\n\t\t\t\t<div class=\"elementor-widget-container\">\n\t\t\t<h2 class=\"elementor-heading-title elementor-size-default\">Organizacion<\/h2>\t\t<\/div>\n\t\t\t\t<\/div>\n\t\t\t\t<div class=\"elementor-element elementor-element-4c84348 elementor-widget elementor-widget-text-editor\" data-id=\"4c84348\" data-element_type=\"widget\" data-widget_type=\"text-editor.default\">\n\t\t\t\t<div class=\"elementor-widget-container\">\n\t\t\t\t\t\t\t<p>L&rsquo;\u00e9cole est enti\u00e8rement g\u00e9r\u00e9e par l&rsquo;association des parents d&rsquo;\u00e9l\u00e8ves. L&rsquo;assembl\u00e9e g\u00e9n\u00e9rale annuelle, au mois d&rsquo;octobre, vote les bilan financiers et p\u00e9dagogique de l\u2019association et \u00e9lit les membres du conseil d&rsquo;administration ayant droit de vote. Le conseil d&rsquo;administration, ouvert \u00e0 tous les parents d&rsquo;\u00e9l\u00e8ve, se tient les 2eme lundi de chaque mois pour traiter des affaires courantes. Le conseil d&rsquo;administration est pr\u00e9par\u00e9 par le bureau, r\u00e9uni le 1er lundi de chaque mois et fait appel \u00e0 diff\u00e9rentes commissions afin de g\u00e9rer les services internes, selon l&rsquo;organigramme suivant :<\/p>\t\t\t\t\t\t<\/div>\n\t\t\t\t<\/div>\n\t\t\t\t\t<\/div>\n\t\t<\/div>\n\t\t\t\t\t<\/div>\n\t\t<\/section>\n\t\t\t\t<\/div>\n\t\t","protected":false},"excerpt":{"rendered":"<p>Organizacion L&rsquo;\u00e9cole est enti\u00e8rement g\u00e9r\u00e9e par l&rsquo;association des parents d&rsquo;\u00e9l\u00e8ves. L&rsquo;assembl\u00e9e g\u00e9n\u00e9rale annuelle, au mois d&rsquo;octobre, vote les bilan financiers et p\u00e9dagogique de l\u2019association et \u00e9lit les membres du conseil d&rsquo;administration ayant droit de vote. Le conseil d&rsquo;administration, ouvert \u00e0 tous les parents d&rsquo;\u00e9l\u00e8ve, se tient les 2eme lundi de chaque mois pour traiter des [&hellip;]<\/p>\n","protected":false},"author":2,"featured_media":0,"parent":0,"menu_order":0,"comment_status":"closed","ping_status":"closed","template":"","meta":{"footnotes":""},"class_list":["post-515","page","type-page","status-publish","hentry","entry"],"_links":{"self":[{"href":"https:\/\/lescar.establiment.fr\/index.php?rest_route=\/wp\/v2\/pages\/515"}],"collection":[{"href":"https:\/\/lescar.establiment.fr\/index.php?rest_route=\/wp\/v2\/pages"}],"about":[{"href":"https:\/\/lescar.establiment.fr\/index.php?rest_route=\/wp\/v2\/types\/page"}],"author":[{"embeddable":true,"href":"https:\/\/lescar.establiment.fr\/index.php?rest_route=\/wp\/v2\/users\/2"}],"replies":[{"embeddable":true,"href":"https:\/\/lescar.establiment.fr\/index.php?rest_route=%2Fwp%2Fv2%2Fcomments&post=515"}],"version-history":[{"count":7,"href":"https:\/\/lescar.establiment.fr\/index.php?rest_route=\/wp\/v2\/pages\/515\/revisions"}],"predecessor-version":[{"id":730,"href":"https:\/\/lescar.establiment.fr\/index.php?rest_route=\/wp\/v2\/pages\/515\/revisions\/730"}],"wp:attachment":[{"href":"https:\/\/lescar.establiment.fr\/index.php?rest_route=%2Fwp%2Fv2%2Fmedia&parent=515"}],"curies":[{"name":"wp","href":"https:\/\/api.w.org\/{rel}","templated":true}]}}